{"id":424,"date":"2017-04-07T20:54:54","date_gmt":"2017-04-07T20:54:54","guid":{"rendered":"http:\/\/www.skytime.es\/en\/?page_id=424"},"modified":"2024-07-23T18:05:18","modified_gmt":"2024-07-23T16:05:18","slug":"1-2","status":"publish","type":"page","link":"https:\/\/www.skytime.es\/en\/","title":{"rendered":"Skydiving tandem jumps and courses"},"content":{"rendered":"<p>[vc_row margin_top=&#8221;-50px&#8221; bg_type=&#8221;bg_color&#8221; bg_override=&#8221;full&#8221; bg_color_value=&#8221;#23262d&#8221;][vc_column][vc_column_text css=&#8221;.vc_custom_1618477776846{padding-top: 30px !important;padding-bottom: 60px !important;}&#8221;]<\/p>\n<h2 style=\"text-align: center; color: #fff;\"><span style=\"font-size: 20pt;\">SkyTime Skydiving DZ<\/span><\/h2>\n<p style=\"text-align: center; color: #fff;\">The best skydiving experience in Europe! Feel the adrenaline jumping from an airplane from 13000ft\/ 4000m with the best views from the sky over the Costa Azahar.<\/p>\n<p>[\/vc_column_text][\/vc_column][\/vc_row][vc_row margin_top=&#8221;20&#8243; margin_bottom=&#8221;20&#8243;][vc_column width=&#8221;1\/2&#8243; animation=&#8221;bounceInDown&#8221;][vc_empty_space height=&#8221;30px&#8221;][vc_custom_heading text=&#8221;THE CLOSEST DROPZONE TO THE BEACH IN THE WHOLE OF EUROPE&#8221; use_theme_fonts=&#8221;yes&#8221; css_animation=&#8221;none&#8221; link=&#8221;url:http%3A%2F%2Fwww.skytime.es%2Fel-centro%2F|title:SKYTIME||&#8221; el_class=&#8221;accent-gradient&#8221;][vc_empty_space height=&#8221;10px&#8221;]<div class=\"dt-fancy-separator title-left h4-size style-disabled accent-title-color\" style=\"width: 100%;\"><div class=\"dt-fancy-title\"><span class=\"separator-holder separator-left\"><\/span>Skytime Skydiving Castell\u00f3n<span class=\"separator-holder separator-right\"><\/span><\/div><\/div>[vc_empty_space height=&#8221;10px&#8221;][vc_column_text css=&#8221;.vc_custom_1618569356018{padding-top: 20px !important;padding-bottom: 20px !important;}&#8221;]<\/p>\n<div style=\"text-align: justify;\">SkyTime Skydiving is the perfect place to jump! It&#8217;s located in Grao de Castell\u00f3n, just 1 hour from Valencia and 50 meters from Gurug\u00fa beach. Its exclusive location offers its guests wonderful aerial views with which to enjoy their jumps. From the sky you can see both the beaches and the natural parks of which Castell\u00f3n is surrounded.<\/div>\n<p>[\/vc_column_text][vc_empty_space height=&#8221;10px&#8221;][vc_btn title=&#8221;ABOUT US&#8221; style=&#8221;flat&#8221; color=&#8221;black&#8221; i_align=&#8221;right&#8221; i_icon_fontawesome=&#8221;&#8221; css_animation=&#8221;left-to-right&#8221; add_icon=&#8221;true&#8221; link=&#8221;url:https%3A%2F%2Fwww.skytime.es%2Fen%2Fdropzone%2F|title:About%20us&#8221;][\/vc_column][vc_column width=&#8221;1\/2&#8243; offset=&#8221;vc_hidden-sm vc_hidden-xs&#8221;][vc_single_image image=&#8221;2799&#8243; img_size=&#8221;large&#8221; alignment=&#8221;right&#8221; style=&#8221;vc_box_rounded&#8221; css_animation=&#8221;bounceInDown&#8221; css=&#8221;.vc_custom_1495206482980{padding-bottom: 50px !important;}&#8221;][\/vc_column][\/vc_row][vc_row bg_type=&#8221;image&#8221; parallax_style=&#8221;vcpb-mlvp-jquery&#8221; layer_image=&#8221;1149&#8243; bg_override=&#8221;ex-full&#8221; disable_on_mobile_img_parallax=&#8221;disable_on_mobile_img_parallax_value&#8221; enable_overlay=&#8221;enable_overlay_value&#8221; overlay_color=&#8221;#f4f4e8&#8243; overlay_pattern=&#8221;transperant&#8221; overlay_pattern_opacity=&#8221;20&#8243; min_height=&#8221;450px&#8221;][vc_column width=&#8221;1\/2&#8243;][vc_empty_space height=&#8221;60px&#8221;]<div class=\"dt-fancy-separator title-left h1-size style-disabled accent-title-color\" style=\"width: 100%;\"><div class=\"dt-fancy-title\"><span class=\"separator-holder separator-left\"><\/span>TANDEM<span class=\"separator-holder separator-right\"><\/span><\/div><\/div><section class=\"shortcode-action-box box-style-table no-line\"><div class=\"text-big\"><h2>YOUR FIRST\u00a0SKYDIVE<\/h2>\n<p style=\"line-height: 10px; margin-top: -10px;\">(price\u00a0FROM)<\/p>\n<div style=\"height: 25px;\"><\/div>\n<h2 style=\"line-height: 25px;\">\u20ac 265<\/h2>\n<div style=\"height: 10px;\"><\/div>\n<\/div><\/section><a href=\"https:\/\/bookings.burblesoft.com\/2251\/18\" class=\"btn-shortcode dt-btn-l dt-btn default-btn-color default-btn-hover-color default-btn-bg-color accent-btn-bg-hover-color anchor-link\" id=\"dt-btn-1\"><span>BOOKING<\/span><\/a>[\/vc_column][vc_column width=&#8221;1\/2&#8243;][\/vc_column][\/vc_row][vc_row bg_type=&#8221;bg_color&#8221; bg_override=&#8221;ex-full&#8221; bg_color_value=&#8221;rgba(0,0,0,0.91)&#8221;][vc_column width=&#8221;1\/2&#8243; css=&#8221;.vc_custom_1491848092886{padding-top: 90px !important;padding-bottom: 50px !important;}&#8221;][vc_empty_space height=&#8221;5px&#8221;]<div class=\"dt-fancy-separator title-left h1-size style-disabled\" style=\"width: 100%;\"><div class=\"dt-fancy-title\" style=\"color: #ffffff;\"><span class=\"separator-holder separator-left\"><\/span>COURSES<span class=\"separator-holder separator-right\"><\/span><\/div><\/div>[vc_column_text]<\/p>\n<p style=\"line-height: 18px; text-align: left;\"><span style=\"color: #f2f2f2;\">DISCOVER ALL OUR COURSES AND COACHING<\/span><\/p>\n<p>[\/vc_column_text][vc_column_text css=&#8221;.vc_custom_1721750714635{padding-top: 50px !important;}&#8221;]<\/p>\n<div class=\"wpb_wrapper\" style=\"font-size: 18px;\">\n<div class=\"standard-arrow bullet-top\">\n<ul>\n<li><a class=\"linkHome\" href=\"https:\/\/www.skytime.es\/en\/a-license\/\">A License Course<\/a><\/li>\n<\/ul>\n<\/div>\n<\/div>\n<p>[\/vc_column_text][\/vc_column][vc_column width=&#8221;1\/2&#8243; css=&#8221;.vc_custom_1492537798399{padding-top: 50px !important;padding-bottom: 50px !important;}&#8221; offset=&#8221;vc_hidden-sm vc_hidden-xs&#8221;][vc_empty_space height=&#8221;60px&#8221;][vc_masonry_media_grid element_width=&#8221;12&#8243; gap=&#8221;25&#8243; item=&#8221;masonryMedia_BorderedScale&#8221; initial_loading_animation=&#8221;fadeIn&#8221; grid_id=&#8221;vc_gid:1721750692116-35f38a63-ca57-9&#8243; include=&#8221;2636,2638&#8243;][vc_empty_space height=&#8221;60px&#8221;][\/vc_column][\/vc_row][vc_row][vc_column][vc_row_inner css=&#8221;.vc_custom_1491758178614{padding-bottom: 50px !important;}&#8221;][vc_column_inner width=&#8221;1\/4&#8243; css=&#8221;.vc_custom_1491748493081{padding-top: 25px !important;padding-bottom: 25px !important;}&#8221;]<div class=\"ult-just-icon-wrapper   vc_custom_1491749720906\"><div class=\"align-icon\" style=\"text-align:center;\">\n<div class=\"aio-icon none \" data-animation=\"bounceInDown\" data-animation-delay=\"03\" style=\"color:#f49638;font-size:50px;display:inline-block;\">\n\t<i class=\"Defaults-cloud\"><\/i>\n<\/div><\/div><\/div>[vc_column_text]<\/p>\n<h3 class=\"degradado\" style=\"text-align: center;\">LOCATE US<\/h3>\n<p style=\"text-align: center; color: #787d85;\">Aer\u00f3dromo El Pinar<br \/>\nCamino de La Plana s\/n<br \/>\n12100 El Grao, Castell\u00f3n, Spain<\/p>\n<p>[\/vc_column_text][\/vc_column_inner][vc_column_inner width=&#8221;1\/4&#8243; css=&#8221;.vc_custom_1491749072210{padding-top: 25px !important;padding-bottom: 25px !important;}&#8221;]<div class=\"ult-just-icon-wrapper   vc_custom_1491749736587\"><div class=\"align-icon\" style=\"text-align:center;\">\n<div class=\"aio-icon none \" data-animation=\"bounceInDown\" data-animation-delay=\"03\" style=\"color:#f49638;font-size:50px;display:inline-block;\">\n\t<i class=\"Defaults-phone\"><\/i>\n<\/div><\/div><\/div>[vc_column_text]<\/p>\n<h3 class=\"degradado\" style=\"text-align: center;\">CALL US<\/h3>\n<p style=\"text-align: center; color: #787d85;\">+34 964 288 595<br \/>\n+34 605 920 380<\/p>\n<p>[\/vc_column_text][\/vc_column_inner][vc_column_inner width=&#8221;1\/4&#8243; css=&#8221;.vc_custom_1491749082244{padding-top: 25px !important;padding-bottom: 25px !important;}&#8221;]<div class=\"ult-just-icon-wrapper   vc_custom_1491749758296\"><div class=\"align-icon\" style=\"text-align:center;\">\n<div class=\"aio-icon none \" data-animation=\"bounceInDown\" data-animation-delay=\"03\" style=\"color:#f49638;font-size:50px;display:inline-block;\">\n\t<i class=\"Defaults-paper-plane-o send-o\"><\/i>\n<\/div><\/div><\/div>[vc_column_text]<\/p>\n<h3 class=\"degradado\" style=\"text-align: center;\">DROP US A LINE<\/h3>\n<p style=\"text-align: center; color: #787d85;\"><a class=\"degradado\" href=\"mailto:info@skytime.es\">info@skytime.es<\/a><\/p>\n<p>[\/vc_column_text][\/vc_column_inner][vc_column_inner width=&#8221;1\/4&#8243; css=&#8221;.vc_custom_1494528713106{padding-top: 25px !important;padding-bottom: 25px !important;}&#8221;]<div class=\"ult-just-icon-wrapper   vc_custom_1494528455566\"><div class=\"align-icon\" style=\"text-align:center;\">\n<div class=\"aio-icon none \" data-animation=\"bounceInDown\" data-animation-delay=\"03\" style=\"color:#f49638;font-size:50px;display:inline-block;\">\n\t<i class=\"Defaults-newspaper-o\"><\/i>\n<\/div><\/div><\/div>[vc_column_text]<\/p>\n<h3 class=\"degradado\" style=\"text-align: center;\">NEWSLETTER<\/h3>\n<p>[\/vc_column_text]<div id=\"modal-trg-txt-wrap-3888\" class=\"ult-modal-input-wrapper ult-adjust-bottom-margin   vc_custom_1495978871924  \" data-keypress-control=\"keypress-control-enable\" data-overlay-control=\"overlay-control-enable\"><span  data-ultimate-target='#modal-trg-txt-wrap-3888 .mycust'  data-responsive-json-new='{\"font-size\":\"\",\"line-height\":\"\"}'  style=\"color:#dd9933;cursor:pointer; \" data-class-id=\"content-69dfc9077fa4a0-29111565\" class=\"overlay-show ult-responsive mycust ult-align-center\" data-overlay-class=\"overlay-cornerbottomleft\">Subscribe me!<\/span><\/div>\n<div class=\"ult-overlay content-69dfc9077fa4a0-29111565 \" data-class=\"content-69dfc9077fa4a0-29111565\" id=\"button-click-overlay\" style=\"background:rgba(51,51,51,0.8); display:none;\">\n\t<div class=\"ult_modal ult-fade ult-medium\">\n\t\t<div id=\"ult-modal-wrap-5423\" class=\"ult_modal-content ult-hide\" style=\"border-style:solid;border-width:2px;border-radius:0px;border-color:#333333;\">\n\t\t\t<div class=\"ult_modal-header\" style=\"color:#333333;border-color:#333333;\">\n\t\t\t\t<div class=\"modal-icon\"><i class=\"Defaults-newspaper-o\"><\/i><\/div><h3  data-ultimate-target='#ult-modal-wrap-5423 .ult_modal-title'  data-responsive-json-new='{\"font-size\":\"\",\"line-height\":\"\"}'  class=\"ult_modal-title ult-responsive\">Newsletter<\/h3>\n\t\t\t<\/div>\n\t\t\t<div  data-ultimate-target='#ult-modal-wrap-5423 .ult_modal-body'  data-responsive-json-new='{\"font-size\":\"\",\"line-height\":\"\"}'  class=\"ult_modal-body ult-responsive ult-html\" style=\"\">\n\t\t\t<div role=\"form\" class=\"wpcf7\" id=\"wpcf7-f3087-o1\" lang=\"es-ES\" dir=\"ltr\">\n<div class=\"screen-reader-response\"><p role=\"status\" aria-live=\"polite\" aria-atomic=\"true\"><\/p> <ul><\/ul><\/div>\n<form action=\"\/en\/wp-json\/wp\/v2\/pages\/424#wpcf7-f3087-o1\" method=\"post\" class=\"wpcf7-form init\" novalidate=\"novalidate\" data-status=\"init\">\n<div style=\"display: none;\">\n<input type=\"hidden\" name=\"_wpcf7\" value=\"3087\" \/>\n<input type=\"hidden\" name=\"_wpcf7_version\" value=\"5.5.6.1\" \/>\n<input type=\"hidden\" name=\"_wpcf7_locale\" value=\"es_ES\" \/>\n<input type=\"hidden\" name=\"_wpcf7_unit_tag\" value=\"wpcf7-f3087-o1\" \/>\n<input type=\"hidden\" name=\"_wpcf7_container_post\" value=\"0\" \/>\n<input type=\"hidden\" name=\"_wpcf7_posted_data_hash\" value=\"\" \/>\n<input type=\"hidden\" name=\"_wpcf7_recaptcha_response\" value=\"\" \/>\n<\/div>\n<h3>Subscribe to our newsletter<\/h3>\n<p><label> Name (required)<br \/>\n    <span class=\"wpcf7-form-control-wrap your-name\"><input type=\"text\" name=\"your-name\" value=\"\" size=\"40\" class=\"wpcf7-form-control wpcf7-text wpcf7-validates-as-required\" aria-required=\"true\" aria-invalid=\"false\" \/><\/span> <\/label><\/p>\n<p><label> Email (required)<br \/>\n    <span class=\"wpcf7-form-control-wrap your-email\"><input type=\"email\" name=\"your-email\" value=\"\" size=\"40\" class=\"wpcf7-form-control wpcf7-text wpcf7-email wpcf7-validates-as-required wpcf7-validates-as-email\" aria-required=\"true\" aria-invalid=\"false\" \/><\/span> <\/label><\/p>\n<p><label> <b>Choose the categories you want to subscribe:<\/b><\/label> <\/p>\n<p><span class=\"wpcf7-form-control-wrap checkbox-801\"><span class=\"wpcf7-form-control wpcf7-checkbox wpcf7-validates-as-required\"><span class=\"wpcf7-list-item first\"><label><input type=\"checkbox\" name=\"checkbox-801[]\" value=\"Skydivers\" \/><span class=\"wpcf7-list-item-label\">Skydivers<\/span><\/label><\/span><span class=\"wpcf7-list-item\"><label><input type=\"checkbox\" name=\"checkbox-801[]\" value=\"AFF Courses\" \/><span class=\"wpcf7-list-item-label\">AFF Courses<\/span><\/label><\/span><span class=\"wpcf7-list-item last\"><label><input type=\"checkbox\" name=\"checkbox-801[]\" value=\"Tandem\" \/><span class=\"wpcf7-list-item-label\">Tandem<\/span><\/label><\/span><\/span><\/span><\/p>\n<div class=\"pull-left\">\n\n<\/div>\n<div class=\"pull-right\"><input type=\"submit\" value=\"SUBMIT\" class=\"wpcf7-form-control has-spinner wpcf7-submit\" \/><\/div>\n<div class=\"wpcf7-response-output\" aria-hidden=\"true\"><\/div><\/form><\/div>\n\t\t\t<\/div>\n\t<\/div>\n\t<\/div>\n\t<div class=\"ult-overlay-close top-right\" style=\" \"><div class=\"ult-overlay-close-inside\">Close<\/div><\/div>\n<\/div>[\/vc_column_inner][\/vc_row_inner][\/vc_column][\/vc_row][vc_row css_animation=&#8221;none&#8221; margin_bottom=&#8221;-70px&#8221; bg_type=&#8221;image&#8221; parallax_style=&#8221;vcpb-vz-jquery&#8221; bg_image_new=&#8221;id^982|url^https:\/\/www.skytime.es\/wp-content\/uploads\/2017\/04\/beach-landing.jpg|caption^null|alt^null|title^beach landing|description^null&#8221; bg_image_repeat=&#8221;no-repeat&#8221; bg_override=&#8221;ex-full&#8221; disable_on_mobile_img_parallax=&#8221;disable_on_mobile_img_parallax_value&#8221; parallax_content=&#8221;parallax_content_value&#8221; parallax_content_sense=&#8221;40&#8243; fadeout_row=&#8221;fadeout_row_value&#8221; min_height=&#8221;400px&#8221;][vc_column][vc_single_image image=&#8221;138&#8243; img_size=&#8221;medium&#8221; alignment=&#8221;center&#8221; css_animation=&#8221;zoomInDown&#8221; css=&#8221;.vc_custom_1491775055400{padding-top: 70px !important;padding-bottom: 50px !important;}&#8221;][vc_row_inner css=&#8221;.vc_custom_1492534090289{padding-bottom: 50px !important;}&#8221;][vc_column_inner width=&#8221;1\/3&#8243;][vc_icon icon_fontawesome=&#8221;fa fa-facebook-square&#8221; color=&#8221;custom&#8221; background_style=&#8221;rounded-outline&#8221; background_color=&#8221;custom&#8221; size=&#8221;lg&#8221; align=&#8221;center&#8221; css_animation=&#8221;bounceInDown&#8221; custom_color=&#8221;rgba(0,0,0,0.51)&#8221; link=&#8221;url:https%3A%2F%2Fwww.facebook.com%2FSkytimeParacaidismo%2F|title:%40SkytimeParacaidismo|target:%20_blank|&#8221; custom_background_color=&#8221;rgba(0,0,0,0.51)&#8221; css=&#8221;.vc_custom_1491755211014{padding-bottom: 0px !important;}&#8221;][vc_column_text css=&#8221;.vc_custom_1491755336730{margin-top: -20px !important;padding-bottom: 20px !important;}&#8221;]<\/p>\n<p style=\"text-align: center; line-height: 18px;\"><span style=\"color: #666;\">FACEBOOK<\/span><br \/>\n<strong>@SkytimeParacaidismo<\/strong><\/p>\n<p>[\/vc_column_text][\/vc_column_inner][vc_column_inner width=&#8221;1\/3&#8243;][vc_icon icon_fontawesome=&#8221;fa fa-twitter&#8221; color=&#8221;custom&#8221; background_style=&#8221;rounded-outline&#8221; background_color=&#8221;custom&#8221; size=&#8221;lg&#8221; align=&#8221;center&#8221; css_animation=&#8221;bounceInDown&#8221; custom_color=&#8221;rgba(0,0,0,0.51)&#8221; link=&#8221;url:https%3A%2F%2Ftwitter.com%2FSkyTime|title:%40SkyTime|target:%20_blank|&#8221; custom_background_color=&#8221;rgba(0,0,0,0.51)&#8221; css=&#8221;.vc_custom_1491755753730{padding-bottom: 0px !important;}&#8221;][vc_column_text css=&#8221;.vc_custom_1491755701448{margin-top: -20px !important;padding-bottom: 20px !important;}&#8221;]<\/p>\n<p style=\"text-align: center; line-height: 18px;\"><span style=\"color: #666;\">TWITTER<\/span><br \/>\n<strong>@SkyTime<\/strong><\/p>\n<p>[\/vc_column_text][\/vc_column_inner][vc_column_inner width=&#8221;1\/3&#8243;][vc_icon icon_fontawesome=&#8221;fa fa-instagram&#8221; color=&#8221;custom&#8221; background_style=&#8221;rounded-outline&#8221; background_color=&#8221;custom&#8221; size=&#8221;lg&#8221; align=&#8221;center&#8221; css_animation=&#8221;bounceInDown&#8221; custom_color=&#8221;rgba(0,0,0,0.51)&#8221; link=&#8221;url:https%3A%2F%2Fwww.instagram.com%2Fskytime_dz%2F|title:skytime_dz|target:%20_blank|&#8221; custom_background_color=&#8221;rgba(0,0,0,0.51)&#8221; css=&#8221;.vc_custom_1493476273603{padding-bottom: 0px !important;}&#8221;][vc_column_text css=&#8221;.vc_custom_1493476338176{margin-top: -20px !important;padding-bottom: 20px !important;}&#8221;]<\/p>\n<p style=\"text-align: center; line-height: 18px;\"><span style=\"color: #666;\">INSTAGRAM<\/span><br \/>\n<strong>@skytime_dz<\/strong><\/p>\n<p>[\/vc_column_text][\/vc_column_inner][\/vc_row_inner][\/vc_column][\/vc_row]<\/p>\n","protected":false},"excerpt":{"rendered":"<p>[vc_row margin_top=&#8221;-50px&#8221; bg_type=&#8221;bg_color&#8221; bg_override=&#8221;full&#8221; bg_color_value=&#8221;#23262d&#8221;][vc_column][vc_column_text css=&#8221;.vc_custom_1618477776846{padding-top: 30px !important;padding-bottom: 60px !important;}&#8221;] SkyTime Skydiving DZ The best skydiving experience in Europe! Feel the adrenaline jumping from an airplane from 13000ft\/ 4000m with the best views from the sky over the Costa Azahar. [\/vc_column_text][\/vc_column][\/vc_row][vc_row margin_top=&#8221;20&#8243; margin_bottom=&#8221;20&#8243;][vc_column width=&#8221;1\/2&#8243; animation=&#8221;bounceInDown&#8221;][vc_empty_space height=&#8221;30px&#8221;][vc_custom_heading text=&#8221;THE CLOSEST DROPZONE TO THE BEACH IN THE WHOLE&hellip;<\/p>\n","protected":false},"author":5,"featured_media":0,"parent":0,"menu_order":0,"comment_status":"closed","ping_status":"closed","template":"","meta":{"_mi_skip_tracking":false,"_monsterinsights_sitenote_active":false,"_monsterinsights_sitenote_note":"","_monsterinsights_sitenote_category":0},"yoast_head":"<!-- This site is optimized with the Yoast SEO plugin v18.3 - https:\/\/yoast.com\/wordpress\/plugins\/seo\/ -->\n<title>Skydiving tandem jumps and courses - SkyTime Castell\u00f3n (Valencia)<\/title>\n<meta name=\"description\" content=\"SkyTime Skydiving, situated in Castellon (Valencia) it&#039;s your place to jump with parachute and enjoy this fantastic experience\" \/>\n<meta name=\"robots\" content=\"index, follow, max-snippet:-1, max-image-preview:large, max-video-preview:-1\" \/>\n<link rel=\"canonical\" href=\"https:\/\/www.skytime.es\/en\/\" \/>\n<meta property=\"og:locale\" content=\"en_US\" \/>\n<meta property=\"og:type\" content=\"article\" \/>\n<meta property=\"og:title\" content=\"SkyTime Castell\u00f3n (Valencia)\" \/>\n<meta property=\"og:description\" content=\"Saltos en paraca\u00eddas, cursos y mucha diversi\u00f3n!!\" \/>\n<meta property=\"og:url\" content=\"https:\/\/www.skytime.es\/en\/\" \/>\n<meta property=\"og:site_name\" content=\"SkyTime Castell\u00f3n (Valencia)\" \/>\n<meta property=\"article:publisher\" content=\"https:\/\/www.facebook.com\/SkytimeParacaidismo\" \/>\n<meta property=\"article:modified_time\" content=\"2024-07-23T16:05:18+00:00\" \/>\n<meta property=\"og:image\" content=\"https:\/\/www.skytime.es\/wp-content\/uploads\/2017\/04\/20.jpg\" \/>\n\t<meta property=\"og:image:width\" content=\"1037\" \/>\n\t<meta property=\"og:image:height\" content=\"778\" \/>\n\t<meta property=\"og:image:type\" content=\"image\/jpeg\" \/>\n<meta name=\"twitter:card\" content=\"summary_large_image\" \/>\n<meta name=\"twitter:title\" content=\"SkyTime Castell\u00f3n (Valencia)\" \/>\n<meta name=\"twitter:description\" content=\"Saltos en paraca\u00eddas, cursos y mucha diversi\u00f3n!!\" \/>\n<meta name=\"twitter:image\" content=\"https:\/\/www.skytime.es\/wp-content\/uploads\/2017\/04\/20.jpg\" \/>\n<meta name=\"twitter:site\" content=\"@SkyTime\" \/>\n<meta name=\"twitter:label1\" content=\"Est. reading time\" \/>\n\t<meta name=\"twitter:data1\" content=\"3 minutes\" \/>\n<script type=\"application\/ld+json\" class=\"yoast-schema-graph\">{\"@context\":\"https:\/\/schema.org\",\"@graph\":[{\"@type\":\"Organization\",\"@id\":\"https:\/\/www.skytime.es\/#organization\",\"name\":\"SkyTime Castell\u00f3n\",\"url\":\"https:\/\/www.skytime.es\/\",\"sameAs\":[\"https:\/\/www.facebook.com\/SkytimeParacaidismo\",\"https:\/\/twitter.com\/SkyTime\"],\"logo\":{\"@type\":\"ImageObject\",\"@id\":\"https:\/\/www.skytime.es\/#logo\",\"inLanguage\":\"en-US\",\"url\":\"https:\/\/www.skytime.es\/wp-content\/uploads\/2017\/06\/logoN.png\",\"contentUrl\":\"https:\/\/www.skytime.es\/wp-content\/uploads\/2017\/06\/logoN.png\",\"width\":180,\"height\":62,\"caption\":\"SkyTime Castell\u00f3n\"},\"image\":{\"@id\":\"https:\/\/www.skytime.es\/#logo\"}},{\"@type\":\"WebSite\",\"@id\":\"https:\/\/www.skytime.es\/#website\",\"url\":\"https:\/\/www.skytime.es\/\",\"name\":\"SkyTime Castell\u00f3n (Valencia)\",\"description\":\"Saltos en paraca\u00eddas, cursos y mucha diversi\u00f3n!!\",\"publisher\":{\"@id\":\"https:\/\/www.skytime.es\/#organization\"},\"potentialAction\":[{\"@type\":\"SearchAction\",\"target\":{\"@type\":\"EntryPoint\",\"urlTemplate\":\"https:\/\/www.skytime.es\/?s={search_term_string}\"},\"query-input\":\"required name=search_term_string\"}],\"inLanguage\":\"en-US\"},{\"@type\":\"ImageObject\",\"@id\":\"https:\/\/www.skytime.es\/en\/#primaryimage\",\"inLanguage\":\"en-US\",\"url\":\"https:\/\/www.skytime.es\/wp-content\/uploads\/2017\/04\/20.jpg\",\"contentUrl\":\"https:\/\/www.skytime.es\/wp-content\/uploads\/2017\/04\/20.jpg\",\"width\":1037,\"height\":778,\"caption\":\"Tandem jump at Skytime Castellon (Valencia)\"},{\"@type\":\"WebPage\",\"@id\":\"https:\/\/www.skytime.es\/en\/#webpage\",\"url\":\"https:\/\/www.skytime.es\/en\/\",\"name\":\"Skydiving tandem jumps and courses - SkyTime Castell\u00f3n (Valencia)\",\"isPartOf\":{\"@id\":\"https:\/\/www.skytime.es\/#website\"},\"datePublished\":\"2017-04-07T20:54:54+00:00\",\"dateModified\":\"2024-07-23T16:05:18+00:00\",\"description\":\"SkyTime Skydiving, situated in Castellon (Valencia) it's your place to jump with parachute and enjoy this fantastic experience\",\"breadcrumb\":{\"@id\":\"https:\/\/www.skytime.es\/en\/#breadcrumb\"},\"inLanguage\":\"en-US\",\"potentialAction\":[{\"@type\":\"ReadAction\",\"target\":[\"https:\/\/www.skytime.es\/en\/\"]}]},{\"@type\":\"BreadcrumbList\",\"@id\":\"https:\/\/www.skytime.es\/en\/#breadcrumb\",\"itemListElement\":[{\"@type\":\"ListItem\",\"position\":1,\"name\":\"Portada\",\"item\":\"https:\/\/www.skytime.es\/en\/\"},{\"@type\":\"ListItem\",\"position\":2,\"name\":\"Skydiving tandem jumps and courses\"}]}]}<\/script>\n<!-- \/ Yoast SEO plugin. -->","yoast_head_json":{"title":"Skydiving tandem jumps and courses - SkyTime Castell\u00f3n (Valencia)","description":"SkyTime Skydiving, situated in Castellon (Valencia) it's your place to jump with parachute and enjoy this fantastic experience","robots":{"index":"index","follow":"follow","max-snippet":"max-snippet:-1","max-image-preview":"max-image-preview:large","max-video-preview":"max-video-preview:-1"},"canonical":"https:\/\/www.skytime.es\/en\/","og_locale":"en_US","og_type":"article","og_title":"SkyTime Castell\u00f3n (Valencia)","og_description":"Saltos en paraca\u00eddas, cursos y mucha diversi\u00f3n!!","og_url":"https:\/\/www.skytime.es\/en\/","og_site_name":"SkyTime Castell\u00f3n (Valencia)","article_publisher":"https:\/\/www.facebook.com\/SkytimeParacaidismo","article_modified_time":"2024-07-23T16:05:18+00:00","og_image":[{"width":1037,"height":778,"url":"https:\/\/www.skytime.es\/wp-content\/uploads\/2017\/04\/20.jpg","type":"image\/jpeg"}],"twitter_card":"summary_large_image","twitter_title":"SkyTime Castell\u00f3n (Valencia)","twitter_description":"Saltos en paraca\u00eddas, cursos y mucha diversi\u00f3n!!","twitter_image":"https:\/\/www.skytime.es\/wp-content\/uploads\/2017\/04\/20.jpg","twitter_site":"@SkyTime","twitter_misc":{"Est. reading time":"3 minutes"},"schema":{"@context":"https:\/\/schema.org","@graph":[{"@type":"Organization","@id":"https:\/\/www.skytime.es\/#organization","name":"SkyTime Castell\u00f3n","url":"https:\/\/www.skytime.es\/","sameAs":["https:\/\/www.facebook.com\/SkytimeParacaidismo","https:\/\/twitter.com\/SkyTime"],"logo":{"@type":"ImageObject","@id":"https:\/\/www.skytime.es\/#logo","inLanguage":"en-US","url":"https:\/\/www.skytime.es\/wp-content\/uploads\/2017\/06\/logoN.png","contentUrl":"https:\/\/www.skytime.es\/wp-content\/uploads\/2017\/06\/logoN.png","width":180,"height":62,"caption":"SkyTime Castell\u00f3n"},"image":{"@id":"https:\/\/www.skytime.es\/#logo"}},{"@type":"WebSite","@id":"https:\/\/www.skytime.es\/#website","url":"https:\/\/www.skytime.es\/","name":"SkyTime Castell\u00f3n (Valencia)","description":"Saltos en paraca\u00eddas, cursos y mucha diversi\u00f3n!!","publisher":{"@id":"https:\/\/www.skytime.es\/#organization"},"potentialAction":[{"@type":"SearchAction","target":{"@type":"EntryPoint","urlTemplate":"https:\/\/www.skytime.es\/?s={search_term_string}"},"query-input":"required name=search_term_string"}],"inLanguage":"en-US"},{"@type":"ImageObject","@id":"https:\/\/www.skytime.es\/en\/#primaryimage","inLanguage":"en-US","url":"https:\/\/www.skytime.es\/wp-content\/uploads\/2017\/04\/20.jpg","contentUrl":"https:\/\/www.skytime.es\/wp-content\/uploads\/2017\/04\/20.jpg","width":1037,"height":778,"caption":"Tandem jump at Skytime Castellon (Valencia)"},{"@type":"WebPage","@id":"https:\/\/www.skytime.es\/en\/#webpage","url":"https:\/\/www.skytime.es\/en\/","name":"Skydiving tandem jumps and courses - SkyTime Castell\u00f3n (Valencia)","isPartOf":{"@id":"https:\/\/www.skytime.es\/#website"},"datePublished":"2017-04-07T20:54:54+00:00","dateModified":"2024-07-23T16:05:18+00:00","description":"SkyTime Skydiving, situated in Castellon (Valencia) it's your place to jump with parachute and enjoy this fantastic experience","breadcrumb":{"@id":"https:\/\/www.skytime.es\/en\/#breadcrumb"},"inLanguage":"en-US","potentialAction":[{"@type":"ReadAction","target":["https:\/\/www.skytime.es\/en\/"]}]},{"@type":"BreadcrumbList","@id":"https:\/\/www.skytime.es\/en\/#breadcrumb","itemListElement":[{"@type":"ListItem","position":1,"name":"Portada","item":"https:\/\/www.skytime.es\/en\/"},{"@type":"ListItem","position":2,"name":"Skydiving tandem jumps and courses"}]}]}},"_links":{"self":[{"href":"https:\/\/www.skytime.es\/en\/wp-json\/wp\/v2\/pages\/424"}],"collection":[{"href":"https:\/\/www.skytime.es\/en\/wp-json\/wp\/v2\/pages"}],"about":[{"href":"https:\/\/www.skytime.es\/en\/wp-json\/wp\/v2\/types\/page"}],"author":[{"embeddable":true,"href":"https:\/\/www.skytime.es\/en\/wp-json\/wp\/v2\/users\/5"}],"replies":[{"embeddable":true,"href":"https:\/\/www.skytime.es\/en\/wp-json\/wp\/v2\/comments?post=424"}],"version-history":[{"count":2,"href":"https:\/\/www.skytime.es\/en\/wp-json\/wp\/v2\/pages\/424\/revisions"}],"predecessor-version":[{"id":5743,"href":"https:\/\/www.skytime.es\/en\/wp-json\/wp\/v2\/pages\/424\/revisions\/5743"}],"wp:attachment":[{"href":"https:\/\/www.skytime.es\/en\/wp-json\/wp\/v2\/media?parent=424"}],"curies":[{"name":"wp","href":"https:\/\/api.w.org\/{rel}","templated":true}]}}