{"id":3673,"date":"2017-11-16T19:31:11","date_gmt":"2017-11-16T17:31:11","guid":{"rendered":"http:\/\/www.skytime.es\/en\/normas-de-la-zona\/"},"modified":"2025-12-22T11:42:51","modified_gmt":"2025-12-22T09:42:51","slug":"normas-de-la-zona","status":"publish","type":"page","link":"https:\/\/www.skytime.es\/en\/normas-de-la-zona\/","title":{"rendered":"SkyTime DropZone rules \/ DZ Briefing"},"content":{"rendered":"<p>[vc_row margin_top=&#8221;-50px&#8221; bg_type=&#8221;bg_color&#8221; bg_override=&#8221;ex-full&#8221; parallax_content=&#8221;parallax_content_value&#8221; fadeout_row=&#8221;fadeout_row_value&#8221; bg_color_value=&#8221;#f8f8f9&#8243; min_height=&#8221;150px&#8221;][vc_column][vc_empty_space height=&#8221;50px&#8221;][vc_column_text]<\/p>\n<h1>SkyTime DropZone rules<\/h1>\n<p>[\/vc_column_text][\/vc_column][\/vc_row][vc_row][vc_column width=&#8221;1\/2&#8243;][vc_column_text]<\/p>\n<blockquote><p><strong>IMPORTANT:<br \/>\nTo be able to perform jumps, certified skydivers must have demonstrable insurance that covers skydiving practice in Spain and includes:<br \/>\n\u2013 Medical expenses<br \/>\n\u2013 Third-party liability insurance (minimum \u20ac300,000)<\/strong><\/p><\/blockquote>\n<p><a style=\"font-size: 20px!important; text-decoration: none!important;\" href=\"https:\/\/www.skytime.es\/manuales\/GENERAL_RULES_ESP-ENG.pdf\" target=\"_blank\" rel=\"noopener\">SkyTime General Rules<\/a><\/p>\n<p><strong><a style=\"font-size: 20px!important; text-decoration: none!important;\" href=\"https:\/\/skytime.es\/manuales\/normasFREEFLY.pdf\" target=\"_blank\" rel=\"noopener\">SkyTime FreeFly Jump Rules<\/a><\/strong><\/p>\n<p><strong><a style=\"font-size: 20px!important; text-decoration: none!important;\" href=\"https:\/\/skytime.es\/manuales\/normasRW.pdf\" target=\"_blank\" rel=\"noopener\">SkyTime Belly Jump Rules<\/a><\/strong><\/p>\n<p><strong><a style=\"font-size: 20px!important; text-decoration: none!important;\" href=\"https:\/\/skytime.es\/manuales\/normasTRACK.pdf\" target=\"_blank\" rel=\"noopener\">SkyTime Angle and Tracking Rules<\/a><\/strong>[\/vc_column_text][\/vc_column][vc_column width=&#8221;1\/2&#8243;][vc_video link=&#8221;https:\/\/youtu.be\/uMi4rPDGqvw&#8221; title=&#8221;DZ BRIEFING&#8221;][\/vc_column][\/vc_row][vc_row][vc_column][vc_empty_space height=&#8221;50px&#8221;][\/vc_column][\/vc_row][vc_row css_animation=&#8221;none&#8221; margin_bottom=&#8221;-70px&#8221; bg_type=&#8221;image&#8221; parallax_style=&#8221;vcpb-vz-jquery&#8221; bg_image_new=&#8221;id^982|url^https:\/\/www.skytime.es\/wp-content\/uploads\/2017\/04\/beach-landing.jpg|caption^null|alt^null|title^beach landing|description^null&#8221; bg_image_repeat=&#8221;no-repeat&#8221; bg_override=&#8221;ex-full&#8221; disable_on_mobile_img_parallax=&#8221;disable_on_mobile_img_parallax_value&#8221; parallax_content=&#8221;parallax_content_value&#8221; parallax_content_sense=&#8221;40&#8243; fadeout_row=&#8221;fadeout_row_value&#8221; min_height=&#8221;400px&#8221;][vc_column][vc_single_image image=&#8221;138&#8243; img_size=&#8221;medium&#8221; alignment=&#8221;center&#8221; css_animation=&#8221;zoomInDown&#8221; css=&#8221;.vc_custom_1491775055400{padding-top: 70px !important;padding-bottom: 50px !important;}&#8221;][vc_row_inner css=&#8221;.vc_custom_1492534090289{padding-bottom: 50px !important;}&#8221;][vc_column_inner width=&#8221;1\/3&#8243;][vc_icon icon_fontawesome=&#8221;fa fa-facebook-square&#8221; color=&#8221;custom&#8221; background_style=&#8221;rounded-outline&#8221; background_color=&#8221;custom&#8221; size=&#8221;lg&#8221; align=&#8221;center&#8221; css_animation=&#8221;bounceInDown&#8221; custom_color=&#8221;rgba(0,0,0,0.51)&#8221; link=&#8221;url:https%3A%2F%2Fwww.facebook.com%2FSkytimeParacaidismo%2F|title:%40SkytimeParacaidismo|target:%20_blank|&#8221; custom_background_color=&#8221;rgba(0,0,0,0.51)&#8221; css=&#8221;.vc_custom_1491755211014{padding-bottom: 0px !important;}&#8221;][vc_column_text css=&#8221;.vc_custom_1491755336730{margin-top: -20px !important;padding-bottom: 20px !important;}&#8221;]<\/p>\n<p style=\"text-align: center; line-height: 18px;\"><span style=\"color: #666;\">FACEBOOK<\/span><br \/>\n<strong>@SkytimeParacaidismo<\/strong><\/p>\n<p>[\/vc_column_text][\/vc_column_inner][vc_column_inner width=&#8221;1\/3&#8243;][vc_icon icon_fontawesome=&#8221;fa fa-twitter&#8221; color=&#8221;custom&#8221; background_style=&#8221;rounded-outline&#8221; background_color=&#8221;custom&#8221; size=&#8221;lg&#8221; align=&#8221;center&#8221; css_animation=&#8221;bounceInDown&#8221; custom_color=&#8221;rgba(0,0,0,0.51)&#8221; link=&#8221;url:https%3A%2F%2Ftwitter.com%2FSkyTime|title:%40SkyTime|target:%20_blank|&#8221; custom_background_color=&#8221;rgba(0,0,0,0.51)&#8221; css=&#8221;.vc_custom_1491755753730{padding-bottom: 0px !important;}&#8221;][vc_column_text css=&#8221;.vc_custom_1491755701448{margin-top: -20px !important;padding-bottom: 20px !important;}&#8221;]<\/p>\n<p style=\"text-align: center; line-height: 18px;\"><span style=\"color: #666;\">TWITTER<\/span><br \/>\n<strong>@SkyTime<\/strong><\/p>\n<p>[\/vc_column_text][\/vc_column_inner][vc_column_inner width=&#8221;1\/3&#8243;][vc_icon icon_fontawesome=&#8221;fa fa-instagram&#8221; color=&#8221;custom&#8221; background_style=&#8221;rounded-outline&#8221; background_color=&#8221;custom&#8221; size=&#8221;lg&#8221; align=&#8221;center&#8221; css_animation=&#8221;bounceInDown&#8221; custom_color=&#8221;rgba(0,0,0,0.51)&#8221; link=&#8221;url:https%3A%2F%2Fwww.instagram.com%2Fskytime_dz%2F|title:skytime_dz|target:%20_blank|&#8221; custom_background_color=&#8221;rgba(0,0,0,0.51)&#8221; css=&#8221;.vc_custom_1493476273603{padding-bottom: 0px !important;}&#8221;][vc_column_text css=&#8221;.vc_custom_1493476338176{margin-top: -20px !important;padding-bottom: 20px !important;}&#8221;]<\/p>\n<p style=\"text-align: center; line-height: 18px;\"><span style=\"color: #666;\">INSTAGRAM<\/span><br \/>\n<strong>@skytime_dz<\/strong><\/p>\n<p>[\/vc_column_text][\/vc_column_inner][\/vc_row_inner][\/vc_column][\/vc_row]<\/p>\n","protected":false},"excerpt":{"rendered":"<p>[vc_row margin_top=&#8221;-50px&#8221; bg_type=&#8221;bg_color&#8221; bg_override=&#8221;ex-full&#8221; parallax_content=&#8221;parallax_content_value&#8221; fadeout_row=&#8221;fadeout_row_value&#8221; bg_color_value=&#8221;#f8f8f9&#8243; min_height=&#8221;150px&#8221;][vc_column][vc_empty_space height=&#8221;50px&#8221;][vc_column_text] SkyTime DropZone rules [\/vc_column_text][\/vc_column][\/vc_row][vc_row][vc_column width=&#8221;1\/2&#8243;][vc_column_text] IMPORTANT: To be able to perform jumps, certified skydivers must have demonstrable insurance that covers skydiving practice in Spain and includes: \u2013 Medical expenses \u2013 Third-party liability insurance (minimum \u20ac300,000) SkyTime General Rules SkyTime FreeFly Jump Rules SkyTime Belly Jump Rules&hellip;<\/p>\n","protected":false},"author":5,"featured_media":0,"parent":0,"menu_order":0,"comment_status":"closed","ping_status":"closed","template":"template-microsite.php","meta":{"_mi_skip_tracking":false,"_monsterinsights_sitenote_active":false,"_monsterinsights_sitenote_note":"","_monsterinsights_sitenote_category":0},"yoast_head":"<!-- This site is optimized with the Yoast SEO plugin v18.3 - https:\/\/yoast.com\/wordpress\/plugins\/seo\/ -->\n<title>SkyTime DropZone rules \/ DZ Briefing - SkyTime Castell\u00f3n (Valencia)<\/title>\n<meta name=\"description\" content=\"SkyTime Dropzone rules - general, freefly and belly jumps, angle and tracking rules. ll necessary information for your safety\" \/>\n<meta name=\"robots\" content=\"index, follow, max-snippet:-1, max-image-preview:large, max-video-preview:-1\" \/>\n<link rel=\"canonical\" href=\"https:\/\/www.skytime.es\/en\/normas-de-la-zona\/\" \/>\n<meta property=\"og:locale\" content=\"en_US\" \/>\n<meta property=\"og:type\" content=\"article\" \/>\n<meta property=\"og:title\" content=\"SkyTime DropZone rules \/ DZ Briefing - SkyTime Castell\u00f3n (Valencia)\" \/>\n<meta property=\"og:description\" content=\"SkyTime Dropzone rules - general, freefly and belly jumps, angle and tracking rules. ll necessary information for your safety\" \/>\n<meta property=\"og:url\" content=\"https:\/\/www.skytime.es\/en\/normas-de-la-zona\/\" \/>\n<meta property=\"og:site_name\" content=\"SkyTime Castell\u00f3n (Valencia)\" \/>\n<meta property=\"article:publisher\" content=\"https:\/\/www.facebook.com\/SkytimeParacaidismo\" \/>\n<meta property=\"article:modified_time\" content=\"2025-12-22T09:42:51+00:00\" \/>\n<meta name=\"twitter:card\" content=\"summary_large_image\" \/>\n<meta name=\"twitter:site\" content=\"@SkyTime\" \/>\n<meta name=\"twitter:label1\" content=\"Est. reading time\" \/>\n\t<meta name=\"twitter:data1\" content=\"1 minute\" \/>\n<script type=\"application\/ld+json\" class=\"yoast-schema-graph\">{\"@context\":\"https:\/\/schema.org\",\"@graph\":[{\"@type\":\"Organization\",\"@id\":\"https:\/\/www.skytime.es\/#organization\",\"name\":\"SkyTime Castell\u00f3n\",\"url\":\"https:\/\/www.skytime.es\/\",\"sameAs\":[\"https:\/\/www.facebook.com\/SkytimeParacaidismo\",\"https:\/\/twitter.com\/SkyTime\"],\"logo\":{\"@type\":\"ImageObject\",\"@id\":\"https:\/\/www.skytime.es\/#logo\",\"inLanguage\":\"en-US\",\"url\":\"https:\/\/www.skytime.es\/wp-content\/uploads\/2017\/06\/logoN.png\",\"contentUrl\":\"https:\/\/www.skytime.es\/wp-content\/uploads\/2017\/06\/logoN.png\",\"width\":180,\"height\":62,\"caption\":\"SkyTime Castell\u00f3n\"},\"image\":{\"@id\":\"https:\/\/www.skytime.es\/#logo\"}},{\"@type\":\"WebSite\",\"@id\":\"https:\/\/www.skytime.es\/#website\",\"url\":\"https:\/\/www.skytime.es\/\",\"name\":\"SkyTime Castell\u00f3n (Valencia)\",\"description\":\"Saltos en paraca\u00eddas, cursos y mucha diversi\u00f3n!!\",\"publisher\":{\"@id\":\"https:\/\/www.skytime.es\/#organization\"},\"potentialAction\":[{\"@type\":\"SearchAction\",\"target\":{\"@type\":\"EntryPoint\",\"urlTemplate\":\"https:\/\/www.skytime.es\/?s={search_term_string}\"},\"query-input\":\"required name=search_term_string\"}],\"inLanguage\":\"en-US\"},{\"@type\":\"WebPage\",\"@id\":\"https:\/\/www.skytime.es\/en\/normas-de-la-zona\/#webpage\",\"url\":\"https:\/\/www.skytime.es\/en\/normas-de-la-zona\/\",\"name\":\"SkyTime DropZone rules \/ DZ Briefing - SkyTime Castell\u00f3n (Valencia)\",\"isPartOf\":{\"@id\":\"https:\/\/www.skytime.es\/#website\"},\"datePublished\":\"2017-11-16T17:31:11+00:00\",\"dateModified\":\"2025-12-22T09:42:51+00:00\",\"description\":\"SkyTime Dropzone rules - general, freefly and belly jumps, angle and tracking rules. ll necessary information for your safety\",\"breadcrumb\":{\"@id\":\"https:\/\/www.skytime.es\/en\/normas-de-la-zona\/#breadcrumb\"},\"inLanguage\":\"en-US\",\"potentialAction\":[{\"@type\":\"ReadAction\",\"target\":[\"https:\/\/www.skytime.es\/en\/normas-de-la-zona\/\"]}]},{\"@type\":\"BreadcrumbList\",\"@id\":\"https:\/\/www.skytime.es\/en\/normas-de-la-zona\/#breadcrumb\",\"itemListElement\":[{\"@type\":\"ListItem\",\"position\":1,\"name\":\"Portada\",\"item\":\"https:\/\/www.skytime.es\/en\/\"},{\"@type\":\"ListItem\",\"position\":2,\"name\":\"SkyTime DropZone rules \/ DZ Briefing\"}]}]}<\/script>\n<!-- \/ Yoast SEO plugin. -->","yoast_head_json":{"title":"SkyTime DropZone rules \/ DZ Briefing - SkyTime Castell\u00f3n (Valencia)","description":"SkyTime Dropzone rules - general, freefly and belly jumps, angle and tracking rules. ll necessary information for your safety","robots":{"index":"index","follow":"follow","max-snippet":"max-snippet:-1","max-image-preview":"max-image-preview:large","max-video-preview":"max-video-preview:-1"},"canonical":"https:\/\/www.skytime.es\/en\/normas-de-la-zona\/","og_locale":"en_US","og_type":"article","og_title":"SkyTime DropZone rules \/ DZ Briefing - SkyTime Castell\u00f3n (Valencia)","og_description":"SkyTime Dropzone rules - general, freefly and belly jumps, angle and tracking rules. ll necessary information for your safety","og_url":"https:\/\/www.skytime.es\/en\/normas-de-la-zona\/","og_site_name":"SkyTime Castell\u00f3n (Valencia)","article_publisher":"https:\/\/www.facebook.com\/SkytimeParacaidismo","article_modified_time":"2025-12-22T09:42:51+00:00","twitter_card":"summary_large_image","twitter_site":"@SkyTime","twitter_misc":{"Est. reading time":"1 minute"},"schema":{"@context":"https:\/\/schema.org","@graph":[{"@type":"Organization","@id":"https:\/\/www.skytime.es\/#organization","name":"SkyTime Castell\u00f3n","url":"https:\/\/www.skytime.es\/","sameAs":["https:\/\/www.facebook.com\/SkytimeParacaidismo","https:\/\/twitter.com\/SkyTime"],"logo":{"@type":"ImageObject","@id":"https:\/\/www.skytime.es\/#logo","inLanguage":"en-US","url":"https:\/\/www.skytime.es\/wp-content\/uploads\/2017\/06\/logoN.png","contentUrl":"https:\/\/www.skytime.es\/wp-content\/uploads\/2017\/06\/logoN.png","width":180,"height":62,"caption":"SkyTime Castell\u00f3n"},"image":{"@id":"https:\/\/www.skytime.es\/#logo"}},{"@type":"WebSite","@id":"https:\/\/www.skytime.es\/#website","url":"https:\/\/www.skytime.es\/","name":"SkyTime Castell\u00f3n (Valencia)","description":"Saltos en paraca\u00eddas, cursos y mucha diversi\u00f3n!!","publisher":{"@id":"https:\/\/www.skytime.es\/#organization"},"potentialAction":[{"@type":"SearchAction","target":{"@type":"EntryPoint","urlTemplate":"https:\/\/www.skytime.es\/?s={search_term_string}"},"query-input":"required name=search_term_string"}],"inLanguage":"en-US"},{"@type":"WebPage","@id":"https:\/\/www.skytime.es\/en\/normas-de-la-zona\/#webpage","url":"https:\/\/www.skytime.es\/en\/normas-de-la-zona\/","name":"SkyTime DropZone rules \/ DZ Briefing - SkyTime Castell\u00f3n (Valencia)","isPartOf":{"@id":"https:\/\/www.skytime.es\/#website"},"datePublished":"2017-11-16T17:31:11+00:00","dateModified":"2025-12-22T09:42:51+00:00","description":"SkyTime Dropzone rules - general, freefly and belly jumps, angle and tracking rules. ll necessary information for your safety","breadcrumb":{"@id":"https:\/\/www.skytime.es\/en\/normas-de-la-zona\/#breadcrumb"},"inLanguage":"en-US","potentialAction":[{"@type":"ReadAction","target":["https:\/\/www.skytime.es\/en\/normas-de-la-zona\/"]}]},{"@type":"BreadcrumbList","@id":"https:\/\/www.skytime.es\/en\/normas-de-la-zona\/#breadcrumb","itemListElement":[{"@type":"ListItem","position":1,"name":"Portada","item":"https:\/\/www.skytime.es\/en\/"},{"@type":"ListItem","position":2,"name":"SkyTime DropZone rules \/ DZ Briefing"}]}]}},"_links":{"self":[{"href":"https:\/\/www.skytime.es\/en\/wp-json\/wp\/v2\/pages\/3673"}],"collection":[{"href":"https:\/\/www.skytime.es\/en\/wp-json\/wp\/v2\/pages"}],"about":[{"href":"https:\/\/www.skytime.es\/en\/wp-json\/wp\/v2\/types\/page"}],"author":[{"embeddable":true,"href":"https:\/\/www.skytime.es\/en\/wp-json\/wp\/v2\/users\/5"}],"replies":[{"embeddable":true,"href":"https:\/\/www.skytime.es\/en\/wp-json\/wp\/v2\/comments?post=3673"}],"version-history":[{"count":5,"href":"https:\/\/www.skytime.es\/en\/wp-json\/wp\/v2\/pages\/3673\/revisions"}],"predecessor-version":[{"id":6148,"href":"https:\/\/www.skytime.es\/en\/wp-json\/wp\/v2\/pages\/3673\/revisions\/6148"}],"wp:attachment":[{"href":"https:\/\/www.skytime.es\/en\/wp-json\/wp\/v2\/media?parent=3673"}],"curies":[{"name":"wp","href":"https:\/\/api.w.org\/{rel}","templated":true}]}}